{"id":216,"date":"2021-12-29T09:54:37","date_gmt":"2021-12-29T08:54:37","guid":{"rendered":"https:\/\/stichting-ellavogelaar.nl\/?page_id=216"},"modified":"2026-04-09T11:26:04","modified_gmt":"2026-04-09T10:26:04","slug":"over-ons","status":"publish","type":"page","link":"https:\/\/stichting-ellavogelaar.nl\/index.php\/over-ons\/","title":{"rendered":"Over ons"},"content":{"rendered":"\r\n<h2 class=\"wp-block-heading\"><strong>Henny van den Nagel \u2013 Oprichtster<\/strong><\/h2>\r\n\r\n\r\n<div class=\"wp-block-image is-style-default\">\r\n<figure class=\"alignright size-full is-resized\"><img loading=\"lazy\" decoding=\"async\" class=\"alignnone wp-image-890 \" src=\"https:\/\/stichting-ellavogelaar.nl\/wp-content\/uploads\/2024\/05\/IMG-20240217-WA0002-300x200.jpg\" alt=\"\" width=\"388\" height=\"258\" srcset=\"https:\/\/stichting-ellavogelaar.nl\/wp-content\/uploads\/2024\/05\/IMG-20240217-WA0002-300x200.jpg 300w, https:\/\/stichting-ellavogelaar.nl\/wp-content\/uploads\/2024\/05\/IMG-20240217-WA0002-1024x684.jpg 1024w, https:\/\/stichting-ellavogelaar.nl\/wp-content\/uploads\/2024\/05\/IMG-20240217-WA0002-768x513.jpg 768w, https:\/\/stichting-ellavogelaar.nl\/wp-content\/uploads\/2024\/05\/IMG-20240217-WA0002-1536x1025.jpg 1536w, https:\/\/stichting-ellavogelaar.nl\/wp-content\/uploads\/2024\/05\/IMG-20240217-WA0002.jpg 1600w\" sizes=\"auto, (max-width: 388px) 100vw, 388px\" \/>\r\n<figcaption class=\"wp-element-caption\">\u00a0 \u00a0 \u00a0 \u00a0 \u00a0 \u00a0 \u00a0 \u00a0 \u00a0 \u00a0 \u00a0 \u00a0 \u00a0 \u00a0 \u00a0 \u00a0 \u00a0 \u00a0 \u00a0 \u00a0 \u00a0 \u00a0 \u00a0 \u00a0 \u00a0 \u00a0 \u00a0 \u00a0 \u00a0 \u00a0 \u00a0<em>Henny van den Nagel<\/em><\/figcaption>\r\n<\/figure>\r\n<\/div>\r\n\r\n\r\n<p>\u2018Jaren terug heb ik Huize Agnes in Utrecht opgericht. Het is een opvanghuis voor vrouwen en hun kinderen zonder verblijfsvergunning. Een heel kwetsbare groep die de kans moet krijgen mee te doen in onze samenleving. Er is vaak een enorme kloof tussen het leven waar zij vandaan komen en hoe wij hier ons leven leiden. Deze vrouwen hebben onze steun hard nodig om een goede start te kunnen maken in ons land.<\/p>\r\n\r\n\r\n\r\n<p>Ik heb in die tijd veel mooie ontmoetingen gehad die diepe indruk op me hebben gemaakt.<\/p>\r\n\r\n\r\n\r\n<p>Van Huize Agnes heb ik afscheid genomen, maar ik voel me en ben nog altijd enorm verbonden met de doelgroep. Daarom heb ik Stichting Ella Vogelaar opgericht; opdat ik deze kwetsbare vrouwen en kinderen &#8211; in heel Nederland &#8211; kan blijven steunen. Want door de zwakste schakel in de samenleving te versterken, versterk je de samenleving als geheel.\u2019<\/p>\r\n\r\n\r\n\r\n<h2 class=\"wp-block-heading\"><strong>De start van Stichting Ella Vogelaar<\/strong><\/h2>\r\n\r\n\r\n\r\n<p>Op 21 januari 2021 is de Stichting Ella Vogelaar opgericht door Henny van den Nagel. Het doel van de stichting is \u201ceen veilig en gezond bestaan voor vrouwen, intersekse personen en transgender personen en de kinderen die zij onder hun hoede hebben of hebben genomen zonder recht op verblijf in Nederland\u201d en dat wat dat bevorderd of er een verband mee houdt.<\/p>\r\n\r\n\r\n\r\n<p>De stichting wil dit bereiken door: het bieden van financi\u00eble steun; het verschaffen van (financi\u00eble) middelen voor voeding, kleding, medische zorg en onderwijs; het bieden van (financi\u00eble) hulp bij het verkrijgen van benodigde documenten en het samenwerken met organisaties die werkzaam zijn op hetzelfde gebied. Het vermogen van de stichting wordt gevormd door: bijdragen, subsidies, giften, legaten, erfstellingen, alsmede andere baten.<\/p>\r\n\r\n\r\n\r\n<h2 class=\"wp-block-heading\">Bestuur<\/h2>\r\n\r\n\r\n\r\n<p>Het beleidsplan 2022 van de stichting vindt u <a href=\"https:\/\/stichting-ellavogelaar.nl\/wp-content\/uploads\/2022\/05\/Beleidsplan-2022.pdf\" data-type=\"URL\" data-id=\"https:\/\/stichting-ellavogelaar.nl\/wp-content\/uploads\/2022\/05\/Beleidsplan-2022.pdf\">hier<\/a>. Ook is er over het jaar 2023 een <a href=\"https:\/\/stichting-ellavogelaar.nl\/wp-content\/uploads\/2024\/05\/jaarverslag-2023.pdf\">jaarverslag<\/a> en een <a href=\"https:\/\/stichting-ellavogelaar.nl\/wp-content\/uploads\/2024\/05\/jaarrekening-2023.pdf\">jaarrekening<\/a> verschenen.<\/p>\r\n\r\n\r\n\r\n<p>Het bestuur van Stichting Ella Vogelaar wordt gevormd door:<\/p>\r\n\r\n\r\n\r\n<p>Henny van den Nagel \u2013 oprichtster<br \/>[<a href=\"https:\/\/stichting-ellavogelaar.nl\/index.php\/vacature-voorzitter\/\">Vacature<\/a>] &#8211; voorzitter<br \/>Gemma Geertshuis \u2013 aanvragen &amp; toewijzingen<br \/>Nicoline Groot \u2013 penningmeester<br \/>Marja Eeldert \u2013 bestuurslid<br \/>[<a href=\"https:\/\/stichting-ellavogelaar.nl\/index.php\/vacature-algemeen-bestuurslid\/\">Vacature<\/a>] \u2013 bestuurslid<\/p>\r\n<p>\r\n\r\n<\/p>\r\n\r\n\r\n\r\n<p>Het bestuur van de stichting is een uitvoerend\/meewerkend bestuur. De bestuursleden werken onbezoldigd aan de doelen van de stichting. Daarnaast werken er ook vrijwilligers mee.<\/p>\r\n\r\n\r\n\r\n<p><strong>Meer lezen over onze stichting:<\/strong><\/p>\r\n<ul>\r\n<li><a href=\"https:\/\/stichting-ellavogelaar.nl\/wp-content\/uploads\/2025\/07\/DEF-Jaarverslag-Stichting-Ella-Vogelaar-2024.pdf\">jaarverslag 2024<\/a><\/li>\r\n<li><a href=\"https:\/\/stichting-ellavogelaar.nl\/wp-content\/uploads\/2025\/07\/Jaarrekening-2024.pdf\">jaarrekening 2024<\/a><\/li>\r\n<li><a href=\"https:\/\/stichting-ellavogelaar.nl\/wp-content\/uploads\/2024\/05\/jaarrekening-2023.pdf\">jaarrekening 2023<\/a><\/li>\r\n<li><a href=\"https:\/\/stichting-ellavogelaar.nl\/wp-content\/uploads\/2024\/05\/jaarverslag-2023.pdf\">jaarverslag 2023<\/a><\/li>\r\n<li><a href=\"https:\/\/stichting-ellavogelaar.nl\/wp-content\/uploads\/2023\/09\/Jaarverslag-2022.pdf\">jaarverslag 2022<\/a><\/li>\r\n<li><a href=\"https:\/\/stichting-ellavogelaar.nl\/wp-content\/uploads\/2023\/09\/Jaarrekening-2022.pdf\">jaarrekening 2022<\/a><\/li>\r\n<li><a href=\"https:\/\/stichting-ellavogelaar.nl\/wp-content\/uploads\/2022\/05\/Beleidsplan-2022.pdf\" data-type=\"URL\" data-id=\"https:\/\/stichting-ellavogelaar.nl\/wp-content\/uploads\/2022\/05\/Beleidsplan-2022.pdf\">beleidsplan 2022<\/a><\/li>\r\n<li><a href=\"https:\/\/stichting-ellavogelaar.nl\/wp-content\/uploads\/2022\/05\/jaarverslag-2021.pdf\" data-type=\"URL\" data-id=\"https:\/\/stichting-ellavogelaar.nl\/wp-content\/uploads\/2022\/05\/jaarverslag-2021.pdf\">jaarverslag 2021<\/a><\/li>\r\n<li><a href=\"https:\/\/stichting-ellavogelaar.nl\/wp-content\/uploads\/2022\/05\/DEF-Jaarrekening-2021.pdf\" data-type=\"URL\" data-id=\"https:\/\/stichting-ellavogelaar.nl\/wp-content\/uploads\/2022\/05\/DEF-Jaarrekening-2021.pdf\">jaarrekening 2021<\/a><\/li>\r\n<\/ul>\r\n","protected":false},"excerpt":{"rendered":"<p>Henny van den Nagel \u2013 Oprichtster \u2018Jaren terug heb ik Huize Agnes in Utrecht opgericht. Het is een opvanghuis voor vrouwen en hun kinderen zonder verblijfsvergunning. Een heel kwetsbare groep die de kans moet krijgen mee te doen in onze samenleving. Er is vaak een enorme kloof tussen het leven waar zij vandaan komen en [&hellip;]<\/p>\n","protected":false},"author":3,"featured_media":0,"parent":0,"menu_order":0,"comment_status":"closed","ping_status":"closed","template":"","meta":{"arc_restricted_post":false,"ocean_post_layout":"","ocean_both_sidebars_style":"","ocean_both_sidebars_content_width":0,"ocean_both_sidebars_sidebars_width":0,"ocean_sidebar":"0","ocean_second_sidebar":"0","ocean_disable_margins":"enable","ocean_add_body_class":"","ocean_shortcode_before_top_bar":"","ocean_shortcode_after_top_bar":"","ocean_shortcode_before_header":"","ocean_shortcode_after_header":"","ocean_has_shortcode":"","ocean_shortcode_after_title":"","ocean_shortcode_before_footer_widgets":"","ocean_shortcode_after_footer_widgets":"","ocean_shortcode_before_footer_bottom":"","ocean_shortcode_after_footer_bottom":"","ocean_display_top_bar":"default","ocean_display_header":"default","ocean_header_style":"","ocean_center_header_left_menu":"0","ocean_custom_header_template":"0","ocean_custom_logo":0,"ocean_custom_retina_logo":0,"ocean_custom_logo_max_width":0,"ocean_custom_logo_tablet_max_width":0,"ocean_custom_logo_mobile_max_width":0,"ocean_custom_logo_max_height":0,"ocean_custom_logo_tablet_max_height":0,"ocean_custom_logo_mobile_max_height":0,"ocean_header_custom_menu":"0","ocean_menu_typo_font_family":"0","ocean_menu_typo_font_subset":"","ocean_menu_typo_font_size":0,"ocean_menu_typo_font_size_tablet":0,"ocean_menu_typo_font_size_mobile":0,"ocean_menu_typo_font_size_unit":"px","ocean_menu_typo_font_weight":"","ocean_menu_typo_font_weight_tablet":"","ocean_menu_typo_font_weight_mobile":"","ocean_menu_typo_transform":"","ocean_menu_typo_transform_tablet":"","ocean_menu_typo_transform_mobile":"","ocean_menu_typo_line_height":0,"ocean_menu_typo_line_height_tablet":0,"ocean_menu_typo_line_height_mobile":0,"ocean_menu_typo_line_height_unit":"","ocean_menu_typo_spacing":0,"ocean_menu_typo_spacing_tablet":0,"ocean_menu_typo_spacing_mobile":0,"ocean_menu_typo_spacing_unit":"","ocean_menu_link_color":"","ocean_menu_link_color_hover":"","ocean_menu_link_color_active":"","ocean_menu_link_background":"","ocean_menu_link_hover_background":"","ocean_menu_link_active_background":"","ocean_menu_social_links_bg":"","ocean_menu_social_hover_links_bg":"","ocean_menu_social_links_color":"","ocean_menu_social_hover_links_color":"","ocean_disable_title":"default","ocean_disable_heading":"default","ocean_post_title":"","ocean_post_subheading":"","ocean_post_title_style":"","ocean_post_title_background_color":"","ocean_post_title_background":0,"ocean_post_title_bg_image_position":"","ocean_post_title_bg_image_attachment":"","ocean_post_title_bg_image_repeat":"","ocean_post_title_bg_image_size":"","ocean_post_title_height":0,"ocean_post_title_bg_overlay":0.5,"ocean_post_title_bg_overlay_color":"","ocean_disable_breadcrumbs":"default","ocean_breadcrumbs_color":"","ocean_breadcrumbs_separator_color":"","ocean_breadcrumbs_links_color":"","ocean_breadcrumbs_links_hover_color":"","ocean_display_footer_widgets":"default","ocean_display_footer_bottom":"default","ocean_custom_footer_template":"0","iawp_total_views":88,"footnotes":""},"class_list":["post-216","page","type-page","status-publish","hentry","entry"],"yoast_head":"<!-- This site is optimized with the Yoast SEO plugin v27.3 - https:\/\/yoast.com\/product\/yoast-seo-wordpress\/ -->\n<title>Over ons - Stichting Ella Vogelaar<\/title>\n<meta name=\"robots\" content=\"index, follow, max-snippet:-1, max-image-preview:large, max-video-preview:-1\" \/>\n<link rel=\"canonical\" href=\"https:\/\/stichting-ellavogelaar.nl\/index.php\/over-ons\/\" \/>\n<meta property=\"og:locale\" content=\"nl_NL\" \/>\n<meta property=\"og:type\" content=\"article\" \/>\n<meta property=\"og:title\" content=\"Over ons - Stichting Ella Vogelaar\" \/>\n<meta property=\"og:description\" content=\"Henny van den Nagel \u2013 Oprichtster \u2018Jaren terug heb ik Huize Agnes in Utrecht opgericht. Het is een opvanghuis voor vrouwen en hun kinderen zonder verblijfsvergunning. Een heel kwetsbare groep die de kans moet krijgen mee te doen in onze samenleving. Er is vaak een enorme kloof tussen het leven waar zij vandaan komen en [&hellip;]\" \/>\n<meta property=\"og:url\" content=\"https:\/\/stichting-ellavogelaar.nl\/index.php\/over-ons\/\" \/>\n<meta property=\"og:site_name\" content=\"Stichting Ella Vogelaar\" \/>\n<meta property=\"article:modified_time\" content=\"2026-04-09T10:26:04+00:00\" \/>\n<meta property=\"og:image\" content=\"https:\/\/stichting-ellavogelaar.nl\/wp-content\/uploads\/2024\/05\/IMG-20240217-WA0002.jpg\" \/>\n\t<meta property=\"og:image:width\" content=\"1600\" \/>\n\t<meta property=\"og:image:height\" content=\"1068\" \/>\n\t<meta property=\"og:image:type\" content=\"image\/jpeg\" \/>\n<meta name=\"twitter:card\" content=\"summary_large_image\" \/>\n<meta name=\"twitter:label1\" content=\"Geschatte leestijd\" \/>\n\t<meta name=\"twitter:data1\" content=\"2 minuten\" \/>\n<script type=\"application\/ld+json\" class=\"yoast-schema-graph\">{\"@context\":\"https:\\\/\\\/schema.org\",\"@graph\":[{\"@type\":\"WebPage\",\"@id\":\"https:\\\/\\\/stichting-ellavogelaar.nl\\\/index.php\\\/over-ons\\\/\",\"url\":\"https:\\\/\\\/stichting-ellavogelaar.nl\\\/index.php\\\/over-ons\\\/\",\"name\":\"Over ons - Stichting Ella Vogelaar\",\"isPartOf\":{\"@id\":\"https:\\\/\\\/stichting-ellavogelaar.nl\\\/#website\"},\"primaryImageOfPage\":{\"@id\":\"https:\\\/\\\/stichting-ellavogelaar.nl\\\/index.php\\\/over-ons\\\/#primaryimage\"},\"image\":{\"@id\":\"https:\\\/\\\/stichting-ellavogelaar.nl\\\/index.php\\\/over-ons\\\/#primaryimage\"},\"thumbnailUrl\":\"https:\\\/\\\/stichting-ellavogelaar.nl\\\/wp-content\\\/uploads\\\/2024\\\/05\\\/IMG-20240217-WA0002-300x200.jpg\",\"datePublished\":\"2021-12-29T08:54:37+00:00\",\"dateModified\":\"2026-04-09T10:26:04+00:00\",\"breadcrumb\":{\"@id\":\"https:\\\/\\\/stichting-ellavogelaar.nl\\\/index.php\\\/over-ons\\\/#breadcrumb\"},\"inLanguage\":\"nl-NL\",\"potentialAction\":[{\"@type\":\"ReadAction\",\"target\":[\"https:\\\/\\\/stichting-ellavogelaar.nl\\\/index.php\\\/over-ons\\\/\"]}]},{\"@type\":\"ImageObject\",\"inLanguage\":\"nl-NL\",\"@id\":\"https:\\\/\\\/stichting-ellavogelaar.nl\\\/index.php\\\/over-ons\\\/#primaryimage\",\"url\":\"https:\\\/\\\/stichting-ellavogelaar.nl\\\/wp-content\\\/uploads\\\/2024\\\/05\\\/IMG-20240217-WA0002.jpg\",\"contentUrl\":\"https:\\\/\\\/stichting-ellavogelaar.nl\\\/wp-content\\\/uploads\\\/2024\\\/05\\\/IMG-20240217-WA0002.jpg\",\"width\":1600,\"height\":1068},{\"@type\":\"BreadcrumbList\",\"@id\":\"https:\\\/\\\/stichting-ellavogelaar.nl\\\/index.php\\\/over-ons\\\/#breadcrumb\",\"itemListElement\":[{\"@type\":\"ListItem\",\"position\":1,\"name\":\"Home\",\"item\":\"https:\\\/\\\/stichting-ellavogelaar.nl\\\/\"},{\"@type\":\"ListItem\",\"position\":2,\"name\":\"Over ons\"}]},{\"@type\":\"WebSite\",\"@id\":\"https:\\\/\\\/stichting-ellavogelaar.nl\\\/#website\",\"url\":\"https:\\\/\\\/stichting-ellavogelaar.nl\\\/\",\"name\":\"Stichting Ella Vogelaar\",\"description\":\"ondersteunt vrouwen en kinderen die zonder offici\u00eble documenten in Nederland verblijven\",\"publisher\":{\"@id\":\"https:\\\/\\\/stichting-ellavogelaar.nl\\\/#organization\"},\"potentialAction\":[{\"@type\":\"SearchAction\",\"target\":{\"@type\":\"EntryPoint\",\"urlTemplate\":\"https:\\\/\\\/stichting-ellavogelaar.nl\\\/?s={search_term_string}\"},\"query-input\":{\"@type\":\"PropertyValueSpecification\",\"valueRequired\":true,\"valueName\":\"search_term_string\"}}],\"inLanguage\":\"nl-NL\"},{\"@type\":\"Organization\",\"@id\":\"https:\\\/\\\/stichting-ellavogelaar.nl\\\/#organization\",\"name\":\"Stichting Ella Vogelaar\",\"url\":\"https:\\\/\\\/stichting-ellavogelaar.nl\\\/\",\"logo\":{\"@type\":\"ImageObject\",\"inLanguage\":\"nl-NL\",\"@id\":\"https:\\\/\\\/stichting-ellavogelaar.nl\\\/#\\\/schema\\\/logo\\\/image\\\/\",\"url\":\"https:\\\/\\\/stichting-ellavogelaar.nl\\\/wp-content\\\/uploads\\\/2021\\\/06\\\/home.jpg\",\"contentUrl\":\"https:\\\/\\\/stichting-ellavogelaar.nl\\\/wp-content\\\/uploads\\\/2021\\\/06\\\/home.jpg\",\"width\":472,\"height\":382,\"caption\":\"Stichting Ella Vogelaar\"},\"image\":{\"@id\":\"https:\\\/\\\/stichting-ellavogelaar.nl\\\/#\\\/schema\\\/logo\\\/image\\\/\"}}]}<\/script>\n<!-- \/ Yoast SEO plugin. -->","yoast_head_json":{"title":"Over ons - Stichting Ella Vogelaar","robots":{"index":"index","follow":"follow","max-snippet":"max-snippet:-1","max-image-preview":"max-image-preview:large","max-video-preview":"max-video-preview:-1"},"canonical":"https:\/\/stichting-ellavogelaar.nl\/index.php\/over-ons\/","og_locale":"nl_NL","og_type":"article","og_title":"Over ons - Stichting Ella Vogelaar","og_description":"Henny van den Nagel \u2013 Oprichtster \u2018Jaren terug heb ik Huize Agnes in Utrecht opgericht. Het is een opvanghuis voor vrouwen en hun kinderen zonder verblijfsvergunning. Een heel kwetsbare groep die de kans moet krijgen mee te doen in onze samenleving. Er is vaak een enorme kloof tussen het leven waar zij vandaan komen en [&hellip;]","og_url":"https:\/\/stichting-ellavogelaar.nl\/index.php\/over-ons\/","og_site_name":"Stichting Ella Vogelaar","article_modified_time":"2026-04-09T10:26:04+00:00","og_image":[{"width":1600,"height":1068,"url":"https:\/\/stichting-ellavogelaar.nl\/wp-content\/uploads\/2024\/05\/IMG-20240217-WA0002.jpg","type":"image\/jpeg"}],"twitter_card":"summary_large_image","twitter_misc":{"Geschatte leestijd":"2 minuten"},"schema":{"@context":"https:\/\/schema.org","@graph":[{"@type":"WebPage","@id":"https:\/\/stichting-ellavogelaar.nl\/index.php\/over-ons\/","url":"https:\/\/stichting-ellavogelaar.nl\/index.php\/over-ons\/","name":"Over ons - Stichting Ella Vogelaar","isPartOf":{"@id":"https:\/\/stichting-ellavogelaar.nl\/#website"},"primaryImageOfPage":{"@id":"https:\/\/stichting-ellavogelaar.nl\/index.php\/over-ons\/#primaryimage"},"image":{"@id":"https:\/\/stichting-ellavogelaar.nl\/index.php\/over-ons\/#primaryimage"},"thumbnailUrl":"https:\/\/stichting-ellavogelaar.nl\/wp-content\/uploads\/2024\/05\/IMG-20240217-WA0002-300x200.jpg","datePublished":"2021-12-29T08:54:37+00:00","dateModified":"2026-04-09T10:26:04+00:00","breadcrumb":{"@id":"https:\/\/stichting-ellavogelaar.nl\/index.php\/over-ons\/#breadcrumb"},"inLanguage":"nl-NL","potentialAction":[{"@type":"ReadAction","target":["https:\/\/stichting-ellavogelaar.nl\/index.php\/over-ons\/"]}]},{"@type":"ImageObject","inLanguage":"nl-NL","@id":"https:\/\/stichting-ellavogelaar.nl\/index.php\/over-ons\/#primaryimage","url":"https:\/\/stichting-ellavogelaar.nl\/wp-content\/uploads\/2024\/05\/IMG-20240217-WA0002.jpg","contentUrl":"https:\/\/stichting-ellavogelaar.nl\/wp-content\/uploads\/2024\/05\/IMG-20240217-WA0002.jpg","width":1600,"height":1068},{"@type":"BreadcrumbList","@id":"https:\/\/stichting-ellavogelaar.nl\/index.php\/over-ons\/#breadcrumb","itemListElement":[{"@type":"ListItem","position":1,"name":"Home","item":"https:\/\/stichting-ellavogelaar.nl\/"},{"@type":"ListItem","position":2,"name":"Over ons"}]},{"@type":"WebSite","@id":"https:\/\/stichting-ellavogelaar.nl\/#website","url":"https:\/\/stichting-ellavogelaar.nl\/","name":"Stichting Ella Vogelaar","description":"ondersteunt vrouwen en kinderen die zonder offici\u00eble documenten in Nederland verblijven","publisher":{"@id":"https:\/\/stichting-ellavogelaar.nl\/#organization"},"potentialAction":[{"@type":"SearchAction","target":{"@type":"EntryPoint","urlTemplate":"https:\/\/stichting-ellavogelaar.nl\/?s={search_term_string}"},"query-input":{"@type":"PropertyValueSpecification","valueRequired":true,"valueName":"search_term_string"}}],"inLanguage":"nl-NL"},{"@type":"Organization","@id":"https:\/\/stichting-ellavogelaar.nl\/#organization","name":"Stichting Ella Vogelaar","url":"https:\/\/stichting-ellavogelaar.nl\/","logo":{"@type":"ImageObject","inLanguage":"nl-NL","@id":"https:\/\/stichting-ellavogelaar.nl\/#\/schema\/logo\/image\/","url":"https:\/\/stichting-ellavogelaar.nl\/wp-content\/uploads\/2021\/06\/home.jpg","contentUrl":"https:\/\/stichting-ellavogelaar.nl\/wp-content\/uploads\/2021\/06\/home.jpg","width":472,"height":382,"caption":"Stichting Ella Vogelaar"},"image":{"@id":"https:\/\/stichting-ellavogelaar.nl\/#\/schema\/logo\/image\/"}}]}},"_links":{"self":[{"href":"https:\/\/stichting-ellavogelaar.nl\/index.php\/wp-json\/wp\/v2\/pages\/216","targetHints":{"allow":["GET"]}}],"collection":[{"href":"https:\/\/stichting-ellavogelaar.nl\/index.php\/wp-json\/wp\/v2\/pages"}],"about":[{"href":"https:\/\/stichting-ellavogelaar.nl\/index.php\/wp-json\/wp\/v2\/types\/page"}],"author":[{"embeddable":true,"href":"https:\/\/stichting-ellavogelaar.nl\/index.php\/wp-json\/wp\/v2\/users\/3"}],"replies":[{"embeddable":true,"href":"https:\/\/stichting-ellavogelaar.nl\/index.php\/wp-json\/wp\/v2\/comments?post=216"}],"version-history":[{"count":30,"href":"https:\/\/stichting-ellavogelaar.nl\/index.php\/wp-json\/wp\/v2\/pages\/216\/revisions"}],"predecessor-version":[{"id":1541,"href":"https:\/\/stichting-ellavogelaar.nl\/index.php\/wp-json\/wp\/v2\/pages\/216\/revisions\/1541"}],"wp:attachment":[{"href":"https:\/\/stichting-ellavogelaar.nl\/index.php\/wp-json\/wp\/v2\/media?parent=216"}],"curies":[{"name":"wp","href":"https:\/\/api.w.org\/{rel}","templated":true}]}}